{"id":7036,"date":"2022-06-06T08:12:39","date_gmt":"2022-06-06T08:12:39","guid":{"rendered":"https:\/\/www.musikaia.eus\/?post_type=product&#038;p=7036"},"modified":"2024-11-27T16:09:59","modified_gmt":"2024-11-27T16:09:59","slug":"lenguaje-musical-para-adultos","status":"publish","type":"product","link":"https:\/\/www.musikaia.eus\/es\/producto\/lenguaje-musical-para-adultos\/","title":{"rendered":"LENGUAJE MUSICAL PARA ADULTOS"},"content":{"rendered":"<p>&#8211; Para mayores de 14 a\u00f1os<br \/>\n&#8211; A trav\u00e9s del Lenguaje Musical adaptado a adultos, aprender\u00e1n a comunicarse a trav\u00e9s de la m\u00fasica desarrollando habilidades auditivas, de lectura y escritura musical<\/p>\n","protected":false},"excerpt":{"rendered":"<ul>\n<li>8 &#8211; 9 a\u00f1os<\/li>\n<li>A trav\u00e9s del Lenguaje Musical aprender\u00e1n a comunicarse a trav\u00e9s de la m\u00fasica desarrollando habilidades auditivas, de lectura y escritura musical<\/li>\n<li>Koral Txiki 1 es una asignatura complementaria en la que se trabajar\u00e1n los conocimientos y usos adecuados de la voz y del cuerpo a trav\u00e9s de diferentes t\u00e9cnicas y juegos<\/li>\n<\/ul>\n","protected":false},"featured_media":12505,"template":"","meta":{"_acf_changed":false},"product_brand":[],"product_cat":[94],"product_tag":[430],"familias-de-instrumentos":[],"edades":[],"class_list":{"0":"post-7036","1":"product","2":"type-product","3":"status-publish","4":"has-post-thumbnail","6":"product_cat-otros","7":"product_tag-lenguaje-musical","9":"first","10":"instock","11":"sold-individually","12":"shipping-taxable","13":"purchasable","14":"product-type-variable"},"acf":[],"_links":{"self":[{"href":"https:\/\/www.musikaia.eus\/es\/wp-json\/wp\/v2\/product\/7036","targetHints":{"allow":["GET"]}}],"collection":[{"href":"https:\/\/www.musikaia.eus\/es\/wp-json\/wp\/v2\/product"}],"about":[{"href":"https:\/\/www.musikaia.eus\/es\/wp-json\/wp\/v2\/types\/product"}],"wp:featuredmedia":[{"embeddable":true,"href":"https:\/\/www.musikaia.eus\/es\/wp-json\/wp\/v2\/media\/12505"}],"wp:attachment":[{"href":"https:\/\/www.musikaia.eus\/es\/wp-json\/wp\/v2\/media?parent=7036"}],"wp:term":[{"taxonomy":"product_brand","embeddable":true,"href":"https:\/\/www.musikaia.eus\/es\/wp-json\/wp\/v2\/product_brand?post=7036"},{"taxonomy":"product_cat","embeddable":true,"href":"https:\/\/www.musikaia.eus\/es\/wp-json\/wp\/v2\/product_cat?post=7036"},{"taxonomy":"product_tag","embeddable":true,"href":"https:\/\/www.musikaia.eus\/es\/wp-json\/wp\/v2\/product_tag?post=7036"},{"taxonomy":"familias-de-instrumentos","embeddable":true,"href":"https:\/\/www.musikaia.eus\/es\/wp-json\/wp\/v2\/familias-de-instrumentos?post=7036"},{"taxonomy":"edades","embeddable":true,"href":"https:\/\/www.musikaia.eus\/es\/wp-json\/wp\/v2\/edades?post=7036"}],"curies":[{"name":"wp","href":"https:\/\/api.w.org\/{rel}","templated":true}]}}