{"id":6796,"date":"2022-05-31T14:01:28","date_gmt":"2022-05-31T14:01:28","guid":{"rendered":"https:\/\/www.musikaia.eus\/?post_type=product&#038;p=6796"},"modified":"2026-05-08T10:59:11","modified_gmt":"2026-05-08T10:59:11","slug":"kantakai","status":"publish","type":"product","link":"https:\/\/www.musikaia.eus\/es\/producto\/kantakai\/","title":{"rendered":"KANTAKAI KORALA"},"content":{"rendered":"","protected":false},"excerpt":{"rendered":"<ul>\n<li>A partir de los 13 a\u00f1os<\/li>\n<li><span style=\"font-weight: 400;\">Se trabajar\u00e1 la importancia del buen uso de la voz, preparando el cuerpo y la mente para ello, con distintos ejercicios y t\u00e9cnicas tales como la relajaci\u00f3n del cuerpo, la respiraci\u00f3n y la emisi\u00f3n. Entre los objetivos se encuentra el desarrollar la opci\u00f3n de cantar simult\u00e1neamente a distintas voces, trabajando un repertorio amplio y variado en cuanto a culturas e idiomas<\/span><\/li>\n<li>Alumnos matriculados <strong>GRATIS<\/strong><\/li>\n<\/ul>\n","protected":false},"featured_media":12539,"template":"","meta":{"_acf_changed":false},"product_brand":[],"product_cat":[412],"product_tag":[],"familias-de-instrumentos":[],"edades":[],"class_list":{"0":"post-6796","1":"product","2":"type-product","3":"status-publish","4":"has-post-thumbnail","6":"product_cat-coros","8":"first","9":"instock","10":"virtual","11":"sold-individually","12":"purchasable","13":"product-type-simple"},"acf":[],"_links":{"self":[{"href":"https:\/\/www.musikaia.eus\/es\/wp-json\/wp\/v2\/product\/6796","targetHints":{"allow":["GET"]}}],"collection":[{"href":"https:\/\/www.musikaia.eus\/es\/wp-json\/wp\/v2\/product"}],"about":[{"href":"https:\/\/www.musikaia.eus\/es\/wp-json\/wp\/v2\/types\/product"}],"wp:featuredmedia":[{"embeddable":true,"href":"https:\/\/www.musikaia.eus\/es\/wp-json\/wp\/v2\/media\/12539"}],"wp:attachment":[{"href":"https:\/\/www.musikaia.eus\/es\/wp-json\/wp\/v2\/media?parent=6796"}],"wp:term":[{"taxonomy":"product_brand","embeddable":true,"href":"https:\/\/www.musikaia.eus\/es\/wp-json\/wp\/v2\/product_brand?post=6796"},{"taxonomy":"product_cat","embeddable":true,"href":"https:\/\/www.musikaia.eus\/es\/wp-json\/wp\/v2\/product_cat?post=6796"},{"taxonomy":"product_tag","embeddable":true,"href":"https:\/\/www.musikaia.eus\/es\/wp-json\/wp\/v2\/product_tag?post=6796"},{"taxonomy":"familias-de-instrumentos","embeddable":true,"href":"https:\/\/www.musikaia.eus\/es\/wp-json\/wp\/v2\/familias-de-instrumentos?post=6796"},{"taxonomy":"edades","embeddable":true,"href":"https:\/\/www.musikaia.eus\/es\/wp-json\/wp\/v2\/edades?post=6796"}],"curies":[{"name":"wp","href":"https:\/\/api.w.org\/{rel}","templated":true}]}}