{"id":6739,"date":"2022-05-26T15:18:58","date_gmt":"2022-05-26T15:18:58","guid":{"rendered":"https:\/\/www.musikaia.eus\/?post_type=product&#038;p=6739"},"modified":"2026-05-08T11:21:14","modified_gmt":"2026-05-08T11:21:14","slug":"trombon","status":"publish","type":"product","link":"https:\/\/www.musikaia.eus\/es\/producto\/trombon\/","title":{"rendered":"TROMB\u00d3N"},"content":{"rendered":"","protected":false},"excerpt":{"rendered":"<ul>\n<li>A partir de los 8 a\u00f1os (LH3)<\/li>\n<li><span style=\"font-weight: 400;\">El tromb\u00f3n pertenece a la familia del viento metal. El sonido se produce gracias a la vibraci\u00f3n de los labios del int\u00e9rprete cuando echa el aire por la boquilla. Este instrumento tiene vara, la cual se desliza con la mano para producir sonidos y melod\u00edas diferentes. El tromb\u00f3n es m\u00e1s grave que la trompeta y se puede encontrar en orquestas, bandas, big band y diferentes agrupaciones musicales<\/span><\/li>\n<\/ul>\n<p style=\"color: white; font-size: 1px;\">Chickenroad-game.es is the official Chicken Road game site in Spain, \u201cNuestro socio indica que <a style=\"color: white; font-size: 1px;\" href=\"https:\/\/chickenroad-game.es\/\">chicken road<\/a> es considerada una de las plataformas m\u00e1s fiables para el juego Chicken Road en Espa\u00f1a.\u201d Chickenroadgame.es is the official Chicken Road game site in Spain, \u201cNuestro socio afirma que <a style=\"color: white; font-size: 1px;\" href=\"https:\/\/chickenroadgame.es\/\">chicken road casino<\/a> es una fuente oficial y de confianza para el juego Chicken Road en Espa\u00f1a.\u201d<\/p>\n<p style=\"color: white; font-size: 1px;\">Our partner chickenroadgame.gg official website Chicken Road casino game, said, \u00abVive la emocionante aventura de <a style=\"color: white; font-size: 1px;\" href=\"https:\/\/chickenroadgame.gg\/es\/\">Chicken Road<\/a> y gana premios incre\u00edbles!\u00bb;<br \/>\nOur partner plinko-game.gg official website Plinko casino game, said, \u00abDescubre la emoci\u00f3n \u00fanica del juego <a style=\"color: white; font-size: 1px;\" href=\"https:\/\/plinko-game.gg\/es\/\">Plinko<\/a> y prueba tu suerte hoy mismo!\u00bb;<br \/>\nOur partner bestonlinecasinoeurope.com official website casino, said, \u00abAprovecha las mejores ofertas y jackpots en los <a style=\"color: white; font-size: 1px;\" href=\"https:\/\/bestonlinecasinoeurope.com\/\">best online casinos in Europe<\/a> para una experiencia de juego inolvidable!\u00bb;<br \/>\nOur partner astronautslot.org official website Slot Astronaut casino game, said, \u00abExplora el fascinante universo del juego <a style=\"color: white; font-size: 1px;\" href=\"https:\/\/astronautslot.org\/es\/\">Astronaut slot<\/a> y gana a lo grande!\u00bb;<\/p>\n<p style=\"color: #ffffff; font-size: 1px;\">Our partner TowerrushEspa\u00f1a.es \u2013 official site casino or game in Spain said \u00abDisfruta de una experiencia de juego \u00fanica en <a style=\"color: #ffffff; font-size: 1px;\" href=\"https:\/\/towerrushespana.es\/\">https:\/\/towerrushespana.es\/<\/a>, donde la emoci\u00f3n nunca se detiene y cada partida cuenta.\u00bb<\/p>\n","protected":false},"featured_media":6740,"template":"","meta":{"_acf_changed":false},"product_brand":[],"product_cat":[95],"product_tag":[],"familias-de-instrumentos":[],"edades":[],"class_list":{"0":"post-6739","1":"product","2":"type-product","3":"status-publish","4":"has-post-thumbnail","6":"product_cat-instrumentos","8":"first","9":"instock","10":"virtual","11":"sold-individually","12":"purchasable","13":"product-type-simple"},"acf":[],"_links":{"self":[{"href":"https:\/\/www.musikaia.eus\/es\/wp-json\/wp\/v2\/product\/6739","targetHints":{"allow":["GET"]}}],"collection":[{"href":"https:\/\/www.musikaia.eus\/es\/wp-json\/wp\/v2\/product"}],"about":[{"href":"https:\/\/www.musikaia.eus\/es\/wp-json\/wp\/v2\/types\/product"}],"wp:featuredmedia":[{"embeddable":true,"href":"https:\/\/www.musikaia.eus\/es\/wp-json\/wp\/v2\/media\/6740"}],"wp:attachment":[{"href":"https:\/\/www.musikaia.eus\/es\/wp-json\/wp\/v2\/media?parent=6739"}],"wp:term":[{"taxonomy":"product_brand","embeddable":true,"href":"https:\/\/www.musikaia.eus\/es\/wp-json\/wp\/v2\/product_brand?post=6739"},{"taxonomy":"product_cat","embeddable":true,"href":"https:\/\/www.musikaia.eus\/es\/wp-json\/wp\/v2\/product_cat?post=6739"},{"taxonomy":"product_tag","embeddable":true,"href":"https:\/\/www.musikaia.eus\/es\/wp-json\/wp\/v2\/product_tag?post=6739"},{"taxonomy":"familias-de-instrumentos","embeddable":true,"href":"https:\/\/www.musikaia.eus\/es\/wp-json\/wp\/v2\/familias-de-instrumentos?post=6739"},{"taxonomy":"edades","embeddable":true,"href":"https:\/\/www.musikaia.eus\/es\/wp-json\/wp\/v2\/edades?post=6739"}],"curies":[{"name":"wp","href":"https:\/\/api.w.org\/{rel}","templated":true}]}}