{"id":6733,"date":"2022-05-26T15:17:02","date_gmt":"2022-05-26T15:17:02","guid":{"rendered":"https:\/\/www.musikaia.eus\/?post_type=product&#038;p=6733"},"modified":"2026-05-08T11:25:06","modified_gmt":"2026-05-08T11:25:06","slug":"saxofon","status":"publish","type":"product","link":"https:\/\/www.musikaia.eus\/es\/producto\/saxofon\/","title":{"rendered":"SAXOF\u00d3N"},"content":{"rendered":"","protected":false},"excerpt":{"rendered":"<ul>\n<li>A partir de los 8 a\u00f1os (LH3)<\/li>\n<li><span style=\"font-weight: 400;\">El saxof\u00f3n pertenece a la familia del viento madera (aunque hoy en d\u00eda se haga de metal) y una de sus caracter\u00edsticas principales es que la boquilla tiene una ca\u00f1a. Es decir, que cuando se sopla por la boquilla, esta ca\u00f1a vibra y gracias a eso y al movimiento de los dedos, conseguimos sonidos y melod\u00edas diferentes. El saxo se puede encontrar en bandas y diferentes agrupaciones musicales<\/span><\/li>\n<\/ul>\n","protected":false},"featured_media":6734,"template":"","meta":{"_acf_changed":false},"product_brand":[],"product_cat":[95],"product_tag":[],"familias-de-instrumentos":[],"edades":[],"class_list":{"0":"post-6733","1":"product","2":"type-product","3":"status-publish","4":"has-post-thumbnail","6":"product_cat-instrumentos","8":"first","9":"instock","10":"virtual","11":"sold-individually","12":"purchasable","13":"product-type-simple"},"acf":[],"_links":{"self":[{"href":"https:\/\/www.musikaia.eus\/es\/wp-json\/wp\/v2\/product\/6733","targetHints":{"allow":["GET"]}}],"collection":[{"href":"https:\/\/www.musikaia.eus\/es\/wp-json\/wp\/v2\/product"}],"about":[{"href":"https:\/\/www.musikaia.eus\/es\/wp-json\/wp\/v2\/types\/product"}],"wp:featuredmedia":[{"embeddable":true,"href":"https:\/\/www.musikaia.eus\/es\/wp-json\/wp\/v2\/media\/6734"}],"wp:attachment":[{"href":"https:\/\/www.musikaia.eus\/es\/wp-json\/wp\/v2\/media?parent=6733"}],"wp:term":[{"taxonomy":"product_brand","embeddable":true,"href":"https:\/\/www.musikaia.eus\/es\/wp-json\/wp\/v2\/product_brand?post=6733"},{"taxonomy":"product_cat","embeddable":true,"href":"https:\/\/www.musikaia.eus\/es\/wp-json\/wp\/v2\/product_cat?post=6733"},{"taxonomy":"product_tag","embeddable":true,"href":"https:\/\/www.musikaia.eus\/es\/wp-json\/wp\/v2\/product_tag?post=6733"},{"taxonomy":"familias-de-instrumentos","embeddable":true,"href":"https:\/\/www.musikaia.eus\/es\/wp-json\/wp\/v2\/familias-de-instrumentos?post=6733"},{"taxonomy":"edades","embeddable":true,"href":"https:\/\/www.musikaia.eus\/es\/wp-json\/wp\/v2\/edades?post=6733"}],"curies":[{"name":"wp","href":"https:\/\/api.w.org\/{rel}","templated":true}]}}