{"id":6730,"date":"2022-05-26T15:16:06","date_gmt":"2022-05-26T15:16:06","guid":{"rendered":"https:\/\/www.musikaia.eus\/?post_type=product&#038;p=6730"},"modified":"2024-06-24T21:56:20","modified_gmt":"2024-06-24T21:56:20","slug":"piano","status":"publish","type":"product","link":"https:\/\/www.musikaia.eus\/es\/producto\/piano\/","title":{"rendered":"Piano"},"content":{"rendered":"","protected":false},"excerpt":{"rendered":"<ul>\n<li>A partir de los 8 a\u00f1os (LH3)<\/li>\n<li><span style=\"font-weight: 400;\">Este instrumento pertenece a la familia de las cuerdas y est\u00e1 compuesto por teclas blancas y negras. Pulsando las teclas, las cuerdas que est\u00e1n unidas a ellas vibran y emiten diferentes sonidos. Tambi\u00e9n hay pianos el\u00e9ctricos llamados teclados, los cuales ofrecen amplias posibilidades de tocar en diferentes grupos y estilos<\/span><\/li>\n<\/ul>\n","protected":false},"featured_media":6731,"template":"","meta":{"_acf_changed":false},"product_brand":[],"product_cat":[95],"product_tag":[],"familias-de-instrumentos":[],"edades":[],"class_list":{"0":"post-6730","1":"product","2":"type-product","3":"status-publish","4":"has-post-thumbnail","6":"product_cat-instrumentos","8":"first","9":"instock","10":"virtual","11":"sold-individually","12":"purchasable","13":"product-type-simple"},"acf":[],"_links":{"self":[{"href":"https:\/\/www.musikaia.eus\/es\/wp-json\/wp\/v2\/product\/6730","targetHints":{"allow":["GET"]}}],"collection":[{"href":"https:\/\/www.musikaia.eus\/es\/wp-json\/wp\/v2\/product"}],"about":[{"href":"https:\/\/www.musikaia.eus\/es\/wp-json\/wp\/v2\/types\/product"}],"wp:featuredmedia":[{"embeddable":true,"href":"https:\/\/www.musikaia.eus\/es\/wp-json\/wp\/v2\/media\/6731"}],"wp:attachment":[{"href":"https:\/\/www.musikaia.eus\/es\/wp-json\/wp\/v2\/media?parent=6730"}],"wp:term":[{"taxonomy":"product_brand","embeddable":true,"href":"https:\/\/www.musikaia.eus\/es\/wp-json\/wp\/v2\/product_brand?post=6730"},{"taxonomy":"product_cat","embeddable":true,"href":"https:\/\/www.musikaia.eus\/es\/wp-json\/wp\/v2\/product_cat?post=6730"},{"taxonomy":"product_tag","embeddable":true,"href":"https:\/\/www.musikaia.eus\/es\/wp-json\/wp\/v2\/product_tag?post=6730"},{"taxonomy":"familias-de-instrumentos","embeddable":true,"href":"https:\/\/www.musikaia.eus\/es\/wp-json\/wp\/v2\/familias-de-instrumentos?post=6730"},{"taxonomy":"edades","embeddable":true,"href":"https:\/\/www.musikaia.eus\/es\/wp-json\/wp\/v2\/edades?post=6730"}],"curies":[{"name":"wp","href":"https:\/\/api.w.org\/{rel}","templated":true}]}}