{"id":6712,"date":"2022-05-26T15:06:03","date_gmt":"2022-05-26T15:06:03","guid":{"rendered":"https:\/\/www.musikaia.eus\/?post_type=product&#038;p=6712"},"modified":"2026-05-08T11:13:52","modified_gmt":"2026-05-08T11:13:52","slug":"canto","status":"publish","type":"product","link":"https:\/\/www.musikaia.eus\/es\/producto\/canto\/","title":{"rendered":"CANTO"},"content":{"rendered":"","protected":false},"excerpt":{"rendered":"<ul>\n<li>A partir de los 10 a\u00f1os (LH5)<\/li>\n<li><span style=\"font-weight: 400;\">El canto tambi\u00e9n ocupa un lugar importante dentro de la m\u00fasica. Utilizando t\u00e9cnicas diferentes consiste en emitir sonidos controlados mediante nuestro aparato fonador o nuestra voz. Permite incorporar texto a nuestra m\u00fasica y ofrece amplias posibilidades de cantar en diferentes estilos y agrupaciones musicales<\/span><\/li>\n<\/ul>\n","protected":false},"featured_media":6713,"template":"","meta":{"_acf_changed":false},"product_brand":[],"product_cat":[95],"product_tag":[],"familias-de-instrumentos":[],"edades":[],"class_list":{"0":"post-6712","1":"product","2":"type-product","3":"status-publish","4":"has-post-thumbnail","6":"product_cat-instrumentos","8":"first","9":"instock","10":"virtual","11":"sold-individually","12":"purchasable","13":"product-type-simple"},"acf":[],"_links":{"self":[{"href":"https:\/\/www.musikaia.eus\/es\/wp-json\/wp\/v2\/product\/6712","targetHints":{"allow":["GET"]}}],"collection":[{"href":"https:\/\/www.musikaia.eus\/es\/wp-json\/wp\/v2\/product"}],"about":[{"href":"https:\/\/www.musikaia.eus\/es\/wp-json\/wp\/v2\/types\/product"}],"wp:featuredmedia":[{"embeddable":true,"href":"https:\/\/www.musikaia.eus\/es\/wp-json\/wp\/v2\/media\/6713"}],"wp:attachment":[{"href":"https:\/\/www.musikaia.eus\/es\/wp-json\/wp\/v2\/media?parent=6712"}],"wp:term":[{"taxonomy":"product_brand","embeddable":true,"href":"https:\/\/www.musikaia.eus\/es\/wp-json\/wp\/v2\/product_brand?post=6712"},{"taxonomy":"product_cat","embeddable":true,"href":"https:\/\/www.musikaia.eus\/es\/wp-json\/wp\/v2\/product_cat?post=6712"},{"taxonomy":"product_tag","embeddable":true,"href":"https:\/\/www.musikaia.eus\/es\/wp-json\/wp\/v2\/product_tag?post=6712"},{"taxonomy":"familias-de-instrumentos","embeddable":true,"href":"https:\/\/www.musikaia.eus\/es\/wp-json\/wp\/v2\/familias-de-instrumentos?post=6712"},{"taxonomy":"edades","embeddable":true,"href":"https:\/\/www.musikaia.eus\/es\/wp-json\/wp\/v2\/edades?post=6712"}],"curies":[{"name":"wp","href":"https:\/\/api.w.org\/{rel}","templated":true}]}}