{"id":4262,"date":"2021-12-22T15:59:10","date_gmt":"2021-12-22T15:59:10","guid":{"rendered":"https:\/\/www.musikaia.eus\/?post_type=product&#038;p=4262"},"modified":"2026-05-08T11:39:33","modified_gmt":"2026-05-08T11:39:33","slug":"grupo-de-pandero-a-partir-de-los-8-anos","status":"publish","type":"product","link":"https:\/\/www.musikaia.eus\/es\/producto\/grupo-de-pandero-a-partir-de-los-8-anos\/","title":{"rendered":"GRUPO DE PANDERO (A partir de los 8 a\u00f1os)"},"content":{"rendered":"","protected":false},"excerpt":{"rendered":"<h3><span style=\"color: #ff0000;\">Descuento del 50% para el alumnado que est\u00e9 cursando otras asignaturas oficiales en la Escuela de M\u00fasica<\/span><\/h3>\n<ul>\n<li>Desde los 8 hasta los 14 a\u00f1os<\/li>\n<li>Este instrumento tradicional vasco permite trabajar distintos ritmos. El pandero se forma a partir de una base de madera, membranas de cuero y aros met\u00e1licos. Nos permite trabajar un repertorio variado relacionado sobre todo con la m\u00fasica tradicional vasca, ya que el pandero ha sido y sigue siendo el fiel compa\u00f1ero de la Trikitixa. No puede faltar en las \u201ckalejiras\u201d<\/li>\n<\/ul>\n","protected":false},"featured_media":15877,"template":"","meta":{"_acf_changed":false},"product_brand":[],"product_cat":[122],"product_tag":[],"familias-de-instrumentos":[],"edades":[],"class_list":{"0":"post-4262","1":"product","2":"type-product","3":"status-publish","4":"has-post-thumbnail","6":"product_cat-grupos","8":"first","9":"instock","10":"virtual","11":"sold-individually","12":"purchasable","13":"product-type-simple"},"acf":[],"_links":{"self":[{"href":"https:\/\/www.musikaia.eus\/es\/wp-json\/wp\/v2\/product\/4262","targetHints":{"allow":["GET"]}}],"collection":[{"href":"https:\/\/www.musikaia.eus\/es\/wp-json\/wp\/v2\/product"}],"about":[{"href":"https:\/\/www.musikaia.eus\/es\/wp-json\/wp\/v2\/types\/product"}],"wp:featuredmedia":[{"embeddable":true,"href":"https:\/\/www.musikaia.eus\/es\/wp-json\/wp\/v2\/media\/15877"}],"wp:attachment":[{"href":"https:\/\/www.musikaia.eus\/es\/wp-json\/wp\/v2\/media?parent=4262"}],"wp:term":[{"taxonomy":"product_brand","embeddable":true,"href":"https:\/\/www.musikaia.eus\/es\/wp-json\/wp\/v2\/product_brand?post=4262"},{"taxonomy":"product_cat","embeddable":true,"href":"https:\/\/www.musikaia.eus\/es\/wp-json\/wp\/v2\/product_cat?post=4262"},{"taxonomy":"product_tag","embeddable":true,"href":"https:\/\/www.musikaia.eus\/es\/wp-json\/wp\/v2\/product_tag?post=4262"},{"taxonomy":"familias-de-instrumentos","embeddable":true,"href":"https:\/\/www.musikaia.eus\/es\/wp-json\/wp\/v2\/familias-de-instrumentos?post=4262"},{"taxonomy":"edades","embeddable":true,"href":"https:\/\/www.musikaia.eus\/es\/wp-json\/wp\/v2\/edades?post=4262"}],"curies":[{"name":"wp","href":"https:\/\/api.w.org\/{rel}","templated":true}]}}