{"id":4098,"date":"2021-12-20T15:50:36","date_gmt":"2021-12-20T15:50:36","guid":{"rendered":"https:\/\/www.musikaia.eus\/?post_type=product&#038;p=4098"},"modified":"2024-11-27T15:59:12","modified_gmt":"2024-11-27T15:59:12","slug":"taller-musical-1-lh1-6-7-anos","status":"publish","type":"product","link":"https:\/\/www.musikaia.eus\/es\/producto\/taller-musical-1-lh1-6-7-anos\/","title":{"rendered":"TALLER MUSICAL 1 (LH1, 6-7 a\u00f1os)"},"content":{"rendered":"","protected":false},"excerpt":{"rendered":"<ul>\n<li>6-7 a\u00f1os<\/li>\n<li>Con el taller de m\u00fasica para ni\u00f1os queremos ayudar a comprender el mundo de la m\u00fasica divirti\u00e9ndonos, tocando instrumentos musicales, cantando, bailando y aprendiendo lenguaje musical<\/li>\n<\/ul>\n","protected":false},"featured_media":12489,"template":"","meta":{"_acf_changed":false},"product_brand":[],"product_cat":[91],"product_tag":[430],"familias-de-instrumentos":[],"edades":[],"class_list":{"0":"post-4098","1":"product","2":"type-product","3":"status-publish","4":"has-post-thumbnail","6":"product_cat-nivel-1","7":"product_tag-lenguaje-musical","9":"first","10":"instock","11":"virtual","12":"sold-individually","13":"purchasable","14":"product-type-simple"},"acf":[],"_links":{"self":[{"href":"https:\/\/www.musikaia.eus\/es\/wp-json\/wp\/v2\/product\/4098","targetHints":{"allow":["GET"]}}],"collection":[{"href":"https:\/\/www.musikaia.eus\/es\/wp-json\/wp\/v2\/product"}],"about":[{"href":"https:\/\/www.musikaia.eus\/es\/wp-json\/wp\/v2\/types\/product"}],"wp:featuredmedia":[{"embeddable":true,"href":"https:\/\/www.musikaia.eus\/es\/wp-json\/wp\/v2\/media\/12489"}],"wp:attachment":[{"href":"https:\/\/www.musikaia.eus\/es\/wp-json\/wp\/v2\/media?parent=4098"}],"wp:term":[{"taxonomy":"product_brand","embeddable":true,"href":"https:\/\/www.musikaia.eus\/es\/wp-json\/wp\/v2\/product_brand?post=4098"},{"taxonomy":"product_cat","embeddable":true,"href":"https:\/\/www.musikaia.eus\/es\/wp-json\/wp\/v2\/product_cat?post=4098"},{"taxonomy":"product_tag","embeddable":true,"href":"https:\/\/www.musikaia.eus\/es\/wp-json\/wp\/v2\/product_tag?post=4098"},{"taxonomy":"familias-de-instrumentos","embeddable":true,"href":"https:\/\/www.musikaia.eus\/es\/wp-json\/wp\/v2\/familias-de-instrumentos?post=4098"},{"taxonomy":"edades","embeddable":true,"href":"https:\/\/www.musikaia.eus\/es\/wp-json\/wp\/v2\/edades?post=4098"}],"curies":[{"name":"wp","href":"https:\/\/api.w.org\/{rel}","templated":true}]}}