{"id":3989,"date":"2021-12-17T11:31:37","date_gmt":"2021-12-17T11:31:37","guid":{"rendered":"https:\/\/www.musikaia.eus\/?post_type=product&#038;p=3989"},"modified":"2024-11-27T16:07:52","modified_gmt":"2024-11-27T16:07:52","slug":"lenguaje-musical-2-lh4-9-10-anos","status":"publish","type":"product","link":"https:\/\/www.musikaia.eus\/es\/producto\/lenguaje-musical-2-lh4-9-10-anos\/","title":{"rendered":"LENGUAJE MUSICAL 2 + KORAL TXIKI 2 (LH4, 9-10 a\u00f1os)"},"content":{"rendered":"","protected":false},"excerpt":{"rendered":"<ul>\n<li>9-10 a\u00f1os<\/li>\n<li>A trav\u00e9s del Lenguaje Musical aprender\u00e1n a comunicarse a trav\u00e9s de la m\u00fasica desarrollando habilidades auditivas, de lectura y escritura musical<\/li>\n<li>Koral Txiki 2 es una asignatura complementaria en la que se trabajar\u00e1n los conocimientos y usos adecuados de la voz y del cuerpo a trav\u00e9s de diferentes t\u00e9cnicas y juegos.<\/li>\n<\/ul>\n","protected":false},"featured_media":12501,"template":"","meta":{"_acf_changed":false},"product_brand":[],"product_cat":[92],"product_tag":[430],"familias-de-instrumentos":[],"edades":[],"class_list":{"0":"post-3989","1":"product","2":"type-product","3":"status-publish","4":"has-post-thumbnail","6":"product_cat-nivel-2","7":"product_tag-lenguaje-musical","9":"first","10":"instock","11":"sold-individually","12":"shipping-taxable","13":"purchasable","14":"product-type-variable"},"acf":[],"_links":{"self":[{"href":"https:\/\/www.musikaia.eus\/es\/wp-json\/wp\/v2\/product\/3989","targetHints":{"allow":["GET"]}}],"collection":[{"href":"https:\/\/www.musikaia.eus\/es\/wp-json\/wp\/v2\/product"}],"about":[{"href":"https:\/\/www.musikaia.eus\/es\/wp-json\/wp\/v2\/types\/product"}],"wp:featuredmedia":[{"embeddable":true,"href":"https:\/\/www.musikaia.eus\/es\/wp-json\/wp\/v2\/media\/12501"}],"wp:attachment":[{"href":"https:\/\/www.musikaia.eus\/es\/wp-json\/wp\/v2\/media?parent=3989"}],"wp:term":[{"taxonomy":"product_brand","embeddable":true,"href":"https:\/\/www.musikaia.eus\/es\/wp-json\/wp\/v2\/product_brand?post=3989"},{"taxonomy":"product_cat","embeddable":true,"href":"https:\/\/www.musikaia.eus\/es\/wp-json\/wp\/v2\/product_cat?post=3989"},{"taxonomy":"product_tag","embeddable":true,"href":"https:\/\/www.musikaia.eus\/es\/wp-json\/wp\/v2\/product_tag?post=3989"},{"taxonomy":"familias-de-instrumentos","embeddable":true,"href":"https:\/\/www.musikaia.eus\/es\/wp-json\/wp\/v2\/familias-de-instrumentos?post=3989"},{"taxonomy":"edades","embeddable":true,"href":"https:\/\/www.musikaia.eus\/es\/wp-json\/wp\/v2\/edades?post=3989"}],"curies":[{"name":"wp","href":"https:\/\/api.w.org\/{rel}","templated":true}]}}