{"id":15886,"date":"2026-05-06T15:24:35","date_gmt":"2026-05-06T15:24:35","guid":{"rendered":"https:\/\/www.musikaia.eus\/?post_type=product&#038;p=15886"},"modified":"2026-05-13T11:43:09","modified_gmt":"2026-05-13T11:43:09","slug":"preparacion-para-el-examen-de-ingreso-al-conservatorio-a-partir-de-los-14-anos","status":"publish","type":"product","link":"https:\/\/www.musikaia.eus\/es\/producto\/preparacion-para-el-examen-de-ingreso-al-conservatorio-a-partir-de-los-14-anos\/","title":{"rendered":"PREPARACI\u00d3N PARA LAS PRUEBAS DE ACCESO AL CONSERVAORIO (A partir de los 14 a\u00f1os)"},"content":{"rendered":"","protected":false},"excerpt":{"rendered":"<div><span style=\"color: #000000; font-family: arial, sans-serif;\"><span dir=\"auto\">&#8211;<\/span>\u00a0<span dir=\"auto\">A partir de los 14 a\u00f1os<\/span><\/span><\/div>\n<div><span style=\"color: #000000; font-family: arial, sans-serif;\"><span dir=\"auto\">&#8211;<\/span>\u00a0<span dir=\"auto\">Reforzaremos la teor\u00eda musical como preparaci\u00f3n para los ex\u00e1menes de ingreso al conservatorio (nivel profesional o superior).<\/span><\/span><\/div>\n","protected":false},"featured_media":15888,"template":"","meta":{"_acf_changed":false},"product_brand":[],"product_cat":[91,94],"product_tag":[430],"familias-de-instrumentos":[],"edades":[],"class_list":{"0":"post-15886","1":"product","2":"type-product","3":"status-publish","4":"has-post-thumbnail","6":"product_cat-nivel-1","7":"product_cat-otros","8":"product_tag-lenguaje-musical","10":"first","11":"instock","12":"shipping-taxable","13":"purchasable","14":"product-type-simple"},"acf":[],"_links":{"self":[{"href":"https:\/\/www.musikaia.eus\/es\/wp-json\/wp\/v2\/product\/15886","targetHints":{"allow":["GET"]}}],"collection":[{"href":"https:\/\/www.musikaia.eus\/es\/wp-json\/wp\/v2\/product"}],"about":[{"href":"https:\/\/www.musikaia.eus\/es\/wp-json\/wp\/v2\/types\/product"}],"wp:featuredmedia":[{"embeddable":true,"href":"https:\/\/www.musikaia.eus\/es\/wp-json\/wp\/v2\/media\/15888"}],"wp:attachment":[{"href":"https:\/\/www.musikaia.eus\/es\/wp-json\/wp\/v2\/media?parent=15886"}],"wp:term":[{"taxonomy":"product_brand","embeddable":true,"href":"https:\/\/www.musikaia.eus\/es\/wp-json\/wp\/v2\/product_brand?post=15886"},{"taxonomy":"product_cat","embeddable":true,"href":"https:\/\/www.musikaia.eus\/es\/wp-json\/wp\/v2\/product_cat?post=15886"},{"taxonomy":"product_tag","embeddable":true,"href":"https:\/\/www.musikaia.eus\/es\/wp-json\/wp\/v2\/product_tag?post=15886"},{"taxonomy":"familias-de-instrumentos","embeddable":true,"href":"https:\/\/www.musikaia.eus\/es\/wp-json\/wp\/v2\/familias-de-instrumentos?post=15886"},{"taxonomy":"edades","embeddable":true,"href":"https:\/\/www.musikaia.eus\/es\/wp-json\/wp\/v2\/edades?post=15886"}],"curies":[{"name":"wp","href":"https:\/\/api.w.org\/{rel}","templated":true}]}}