{"id":519,"date":"2020-05-20T16:48:42","date_gmt":"2020-05-20T16:48:42","guid":{"rendered":"https:\/\/www.musikaia.eus\/?page_id=519"},"modified":"2025-06-24T16:39:31","modified_gmt":"2025-06-24T16:39:31","slug":"conciertos-y-audiciones","status":"publish","type":"page","link":"https:\/\/www.musikaia.eus\/es\/conciertos-y-audiciones\/","title":{"rendered":"CONCIERTOS Y AUDICIONES"},"content":{"rendered":"\t\t<div data-elementor-type=\"wp-page\" data-elementor-id=\"519\" class=\"elementor elementor-519\" data-elementor-post-type=\"page\">\n\t\t\t\t\t\t<section data-dce-background-image-url=\"https:\/\/www.musikaia.eus\/wp-content\/uploads\/2020\/05\/INFORMACION.jpg\" class=\"elementor-section elementor-top-section elementor-element elementor-element-3c0dad4 elementor-section-height-min-height elementor-section-boxed elementor-section-height-default elementor-section-items-middle\" data-id=\"3c0dad4\" data-element_type=\"section\" data-e-type=\"section\" data-settings=\"{&quot;background_background&quot;:&quot;classic&quot;}\">\n\t\t\t\t\t\t<div class=\"elementor-container elementor-column-gap-default\">\n\t\t\t\t\t<div class=\"elementor-column elementor-col-100 elementor-top-column elementor-element elementor-element-d8c61e8\" data-id=\"d8c61e8\" data-element_type=\"column\" data-e-type=\"column\">\n\t\t\t<div class=\"elementor-widget-wrap\">\n\t\t\t\t\t\t\t<\/div>\n\t\t<\/div>\n\t\t\t\t\t<\/div>\n\t\t<\/section>\n\t\t\t\t<section class=\"elementor-section elementor-top-section elementor-element elementor-element-369d841 elementor-section-boxed elementor-section-height-default elementor-section-height-default\" data-id=\"369d841\" data-element_type=\"section\" data-e-type=\"section\">\n\t\t\t\t\t\t<div class=\"elementor-container elementor-column-gap-default\">\n\t\t\t\t\t<div class=\"elementor-column elementor-col-50 elementor-top-column elementor-element elementor-element-71a5bd9\" data-id=\"71a5bd9\" data-element_type=\"column\" data-e-type=\"column\">\n\t\t\t<div class=\"elementor-widget-wrap elementor-element-populated\">\n\t\t\t\t\t\t<div class=\"elementor-element elementor-element-c358d50 elementor-widget elementor-widget-image\" data-id=\"c358d50\" data-element_type=\"widget\" data-e-type=\"widget\" data-widget_type=\"image.default\">\n\t\t\t\t<div class=\"elementor-widget-container\">\n\t\t\t\t\t\t\t\t\t\t\t\t\t\t\t<img fetchpriority=\"high\" decoding=\"async\" width=\"800\" height=\"534\" src=\"https:\/\/www.musikaia.eus\/wp-content\/uploads\/2024\/12\/IMG_20241220_102811_812-1024x683.jpg\" class=\"attachment-large size-large wp-image-12976\" alt=\"\" srcset=\"https:\/\/www.musikaia.eus\/wp-content\/uploads\/2024\/12\/IMG_20241220_102811_812-1024x683.jpg 1024w, https:\/\/www.musikaia.eus\/wp-content\/uploads\/2024\/12\/IMG_20241220_102811_812-300x200.jpg 300w, https:\/\/www.musikaia.eus\/wp-content\/uploads\/2024\/12\/IMG_20241220_102811_812-768x512.jpg 768w, https:\/\/www.musikaia.eus\/wp-content\/uploads\/2024\/12\/IMG_20241220_102811_812-1536x1024.jpg 1536w, https:\/\/www.musikaia.eus\/wp-content\/uploads\/2024\/12\/IMG_20241220_102811_812-2048x1365.jpg 2048w, https:\/\/www.musikaia.eus\/wp-content\/uploads\/2024\/12\/IMG_20241220_102811_812-600x400.jpg 600w\" sizes=\"(max-width: 800px) 100vw, 800px\" \/>\t\t\t\t\t\t\t\t\t\t\t\t\t\t\t<\/div>\n\t\t\t\t<\/div>\n\t\t\t\t<div class=\"elementor-element elementor-element-d0224ec elementor-widget elementor-widget-heading\" data-id=\"d0224ec\" data-element_type=\"widget\" data-e-type=\"widget\" data-widget_type=\"heading.default\">\n\t\t\t\t<div class=\"elementor-widget-container\">\n\t\t\t\t\t<h2 class=\"elementor-heading-title elementor-size-default\">CONCIERTO DE NAVIDAD<\/h2>\t\t\t\t<\/div>\n\t\t\t\t<\/div>\n\t\t\t\t<div class=\"elementor-element elementor-element-569f3a8 elementor-widget elementor-widget-text-editor\" data-id=\"569f3a8\" data-element_type=\"widget\" data-e-type=\"widget\" data-widget_type=\"text-editor.default\">\n\t\t\t\t<div class=\"elementor-widget-container\">\n\t\t\t\t\t\t\t\t\t<h5>Se celebra el \u00faltimo viernes antes de las vacaciones de Navidad en la Bas\u00edlica de Nuestra Se\u00f1ora.<\/h5>\t\t\t\t\t\t\t\t<\/div>\n\t\t\t\t<\/div>\n\t\t\t\t\t<\/div>\n\t\t<\/div>\n\t\t\t\t<div class=\"elementor-column elementor-col-50 elementor-top-column elementor-element elementor-element-4606c3e\" data-id=\"4606c3e\" data-element_type=\"column\" data-e-type=\"column\">\n\t\t\t<div class=\"elementor-widget-wrap elementor-element-populated\">\n\t\t\t\t\t\t<div class=\"elementor-element elementor-element-47dbf3a elementor-widget elementor-widget-image\" data-id=\"47dbf3a\" data-element_type=\"widget\" data-e-type=\"widget\" data-widget_type=\"image.default\">\n\t\t\t\t<div class=\"elementor-widget-container\">\n\t\t\t\t\t\t\t\t\t\t\t\t\t\t\t<img decoding=\"async\" width=\"800\" height=\"534\" src=\"https:\/\/www.musikaia.eus\/wp-content\/uploads\/2025\/06\/DSCF3706-1024x683.jpg\" class=\"attachment-large size-large wp-image-13838\" alt=\"\" srcset=\"https:\/\/www.musikaia.eus\/wp-content\/uploads\/2025\/06\/DSCF3706-1024x683.jpg 1024w, https:\/\/www.musikaia.eus\/wp-content\/uploads\/2025\/06\/DSCF3706-300x200.jpg 300w, https:\/\/www.musikaia.eus\/wp-content\/uploads\/2025\/06\/DSCF3706-768x512.jpg 768w, https:\/\/www.musikaia.eus\/wp-content\/uploads\/2025\/06\/DSCF3706-1536x1024.jpg 1536w, https:\/\/www.musikaia.eus\/wp-content\/uploads\/2025\/06\/DSCF3706-2048x1365.jpg 2048w, https:\/\/www.musikaia.eus\/wp-content\/uploads\/2025\/06\/DSCF3706-600x400.jpg 600w\" sizes=\"(max-width: 800px) 100vw, 800px\" \/>\t\t\t\t\t\t\t\t\t\t\t\t\t\t\t<\/div>\n\t\t\t\t<\/div>\n\t\t\t\t<div class=\"elementor-element elementor-element-3bcda87 elementor-widget elementor-widget-heading\" data-id=\"3bcda87\" data-element_type=\"widget\" data-e-type=\"widget\" data-widget_type=\"heading.default\">\n\t\t\t\t<div class=\"elementor-widget-container\">\n\t\t\t\t\t<h2 class=\"elementor-heading-title elementor-size-default\">MUSIKAIA EGUNA<\/h2>\t\t\t\t<\/div>\n\t\t\t\t<\/div>\n\t\t\t\t<div class=\"elementor-element elementor-element-aa796ba elementor-widget elementor-widget-text-editor\" data-id=\"aa796ba\" data-element_type=\"widget\" data-e-type=\"widget\" data-widget_type=\"text-editor.default\">\n\t\t\t\t<div class=\"elementor-widget-container\">\n\t\t\t\t\t\t\t\t\t<h5>Celebraci\u00f3n con motivo del aniversario de la escuela. Nuestrxs alumnxs junto con distintas agrupaciones musicales de Lekeitio salen a tocar por las calles de Lekeitio y terminan en la plaza donde dan un peque\u00f1o concierto y se ofrece una merienda especial a los participantes.<\/h5>\t\t\t\t\t\t\t\t<\/div>\n\t\t\t\t<\/div>\n\t\t\t\t\t<\/div>\n\t\t<\/div>\n\t\t\t\t\t<\/div>\n\t\t<\/section>\n\t\t\t\t<section class=\"elementor-section elementor-top-section elementor-element elementor-element-5542df4 elementor-section-boxed elementor-section-height-default elementor-section-height-default\" data-id=\"5542df4\" data-element_type=\"section\" data-e-type=\"section\">\n\t\t\t\t\t\t<div class=\"elementor-container elementor-column-gap-default\">\n\t\t\t\t\t<div class=\"elementor-column elementor-col-50 elementor-top-column elementor-element elementor-element-b45b851\" data-id=\"b45b851\" data-element_type=\"column\" data-e-type=\"column\">\n\t\t\t<div class=\"elementor-widget-wrap elementor-element-populated\">\n\t\t\t\t\t\t<div class=\"elementor-element elementor-element-7fcb2f3 elementor-widget elementor-widget-image\" data-id=\"7fcb2f3\" data-element_type=\"widget\" data-e-type=\"widget\" data-widget_type=\"image.default\">\n\t\t\t\t<div class=\"elementor-widget-container\">\n\t\t\t\t\t\t\t\t\t\t\t\t\t\t\t<img decoding=\"async\" width=\"800\" height=\"534\" src=\"https:\/\/www.musikaia.eus\/wp-content\/uploads\/2025\/06\/DSCF4128-1024x683.jpg\" class=\"attachment-large size-large wp-image-14082\" alt=\"\" srcset=\"https:\/\/www.musikaia.eus\/wp-content\/uploads\/2025\/06\/DSCF4128-1024x683.jpg 1024w, https:\/\/www.musikaia.eus\/wp-content\/uploads\/2025\/06\/DSCF4128-300x200.jpg 300w, https:\/\/www.musikaia.eus\/wp-content\/uploads\/2025\/06\/DSCF4128-768x512.jpg 768w, https:\/\/www.musikaia.eus\/wp-content\/uploads\/2025\/06\/DSCF4128-1536x1024.jpg 1536w, https:\/\/www.musikaia.eus\/wp-content\/uploads\/2025\/06\/DSCF4128-2048x1365.jpg 2048w, https:\/\/www.musikaia.eus\/wp-content\/uploads\/2025\/06\/DSCF4128-600x400.jpg 600w\" sizes=\"(max-width: 800px) 100vw, 800px\" \/>\t\t\t\t\t\t\t\t\t\t\t\t\t\t\t<\/div>\n\t\t\t\t<\/div>\n\t\t\t\t<div class=\"elementor-element elementor-element-936710b elementor-widget elementor-widget-heading\" data-id=\"936710b\" data-element_type=\"widget\" data-e-type=\"widget\" data-widget_type=\"heading.default\">\n\t\t\t\t<div class=\"elementor-widget-container\">\n\t\t\t\t\t<h2 class=\"elementor-heading-title elementor-size-default\">SEMANA MUSICAL<\/h2>\t\t\t\t<\/div>\n\t\t\t\t<\/div>\n\t\t\t\t<div class=\"elementor-element elementor-element-8bdd4ec elementor-widget elementor-widget-text-editor\" data-id=\"8bdd4ec\" data-element_type=\"widget\" data-e-type=\"widget\" data-widget_type=\"text-editor.default\">\n\t\t\t\t<div class=\"elementor-widget-container\">\n\t\t\t\t\t\t\t\t\t<div class=\"wpb_text_column wpb_content_element \"><div class=\"wpb_wrapper\"><h5>Cerramos el curso con esta serie de conciertos durante una semana entera. Normalmente coincide con la tercera semana de junio. Los conciertos se celebran en distintas ubicaciones de Lekeitio, seg\u00fan la especialidad; escuela de m\u00fasica, cine, calle\u2026<\/h5><\/div><\/div>\t\t\t\t\t\t\t\t<\/div>\n\t\t\t\t<\/div>\n\t\t\t\t\t<\/div>\n\t\t<\/div>\n\t\t\t\t<div class=\"elementor-column elementor-col-50 elementor-top-column elementor-element elementor-element-d728a39\" data-id=\"d728a39\" data-element_type=\"column\" data-e-type=\"column\">\n\t\t\t<div class=\"elementor-widget-wrap elementor-element-populated\">\n\t\t\t\t\t\t<div class=\"elementor-element elementor-element-6029a67 elementor-widget elementor-widget-image\" data-id=\"6029a67\" data-element_type=\"widget\" data-e-type=\"widget\" data-widget_type=\"image.default\">\n\t\t\t\t<div class=\"elementor-widget-container\">\n\t\t\t\t\t\t\t\t\t\t\t\t\t\t\t<img loading=\"lazy\" decoding=\"async\" width=\"800\" height=\"600\" src=\"https:\/\/www.musikaia.eus\/wp-content\/uploads\/2025\/04\/1000052997-1024x768.jpg\" class=\"attachment-large size-large wp-image-13512\" alt=\"\" srcset=\"https:\/\/www.musikaia.eus\/wp-content\/uploads\/2025\/04\/1000052997-1024x768.jpg 1024w, https:\/\/www.musikaia.eus\/wp-content\/uploads\/2025\/04\/1000052997-300x225.jpg 300w, https:\/\/www.musikaia.eus\/wp-content\/uploads\/2025\/04\/1000052997-768x576.jpg 768w, https:\/\/www.musikaia.eus\/wp-content\/uploads\/2025\/04\/1000052997-1536x1152.jpg 1536w, https:\/\/www.musikaia.eus\/wp-content\/uploads\/2025\/04\/1000052997-2048x1536.jpg 2048w, https:\/\/www.musikaia.eus\/wp-content\/uploads\/2025\/04\/1000052997-600x450.jpg 600w\" sizes=\"(max-width: 800px) 100vw, 800px\" \/>\t\t\t\t\t\t\t\t\t\t\t\t\t\t\t<\/div>\n\t\t\t\t<\/div>\n\t\t\t\t<div class=\"elementor-element elementor-element-54d861c elementor-widget elementor-widget-heading\" data-id=\"54d861c\" data-element_type=\"widget\" data-e-type=\"widget\" data-widget_type=\"heading.default\">\n\t\t\t\t<div class=\"elementor-widget-container\">\n\t\t\t\t\t<h2 class=\"elementor-heading-title elementor-size-default\">AUDICIONES MENSUALES<\/h2>\t\t\t\t<\/div>\n\t\t\t\t<\/div>\n\t\t\t\t<div class=\"elementor-element elementor-element-d4443fc elementor-widget elementor-widget-text-editor\" data-id=\"d4443fc\" data-element_type=\"widget\" data-e-type=\"widget\" data-widget_type=\"text-editor.default\">\n\t\t\t\t<div class=\"elementor-widget-container\">\n\t\t\t\t\t\t\t\t\t<div class=\"wpb_text_column wpb_content_element \"><div class=\"wpb_wrapper\"><h5>Empezando desde enero y hasta mayo, se ofrecen dos conciertos mensuales en la Sala Principal de la escuela enfocada a familiares y amigxs de lxs participantes.<\/h5><\/div><\/div><div class=\"vc_empty_space\">\u00a0<\/div>\t\t\t\t\t\t\t\t<\/div>\n\t\t\t\t<\/div>\n\t\t\t\t\t<\/div>\n\t\t<\/div>\n\t\t\t\t\t<\/div>\n\t\t<\/section>\n\t\t\t\t<section class=\"elementor-section elementor-top-section elementor-element elementor-element-a6aec8b elementor-section-boxed elementor-section-height-default elementor-section-height-default\" data-id=\"a6aec8b\" data-element_type=\"section\" data-e-type=\"section\">\n\t\t\t\t\t\t<div class=\"elementor-container elementor-column-gap-default\">\n\t\t\t\t\t<div class=\"elementor-column elementor-col-50 elementor-top-column elementor-element elementor-element-85fd5c1\" data-id=\"85fd5c1\" data-element_type=\"column\" data-e-type=\"column\">\n\t\t\t<div class=\"elementor-widget-wrap elementor-element-populated\">\n\t\t\t\t\t\t<div class=\"elementor-element elementor-element-49b13ed elementor-widget elementor-widget-image\" data-id=\"49b13ed\" data-element_type=\"widget\" data-e-type=\"widget\" data-widget_type=\"image.default\">\n\t\t\t\t<div class=\"elementor-widget-container\">\n\t\t\t\t\t\t\t\t\t\t\t\t\t\t\t<img loading=\"lazy\" decoding=\"async\" width=\"800\" height=\"451\" src=\"https:\/\/www.musikaia.eus\/wp-content\/uploads\/2024\/12\/DSCF5715-1024x577.jpg\" class=\"attachment-large size-large wp-image-12786\" alt=\"\" srcset=\"https:\/\/www.musikaia.eus\/wp-content\/uploads\/2024\/12\/DSCF5715-1024x577.jpg 1024w, https:\/\/www.musikaia.eus\/wp-content\/uploads\/2024\/12\/DSCF5715-300x169.jpg 300w, https:\/\/www.musikaia.eus\/wp-content\/uploads\/2024\/12\/DSCF5715-768x433.jpg 768w, https:\/\/www.musikaia.eus\/wp-content\/uploads\/2024\/12\/DSCF5715-1536x865.jpg 1536w, https:\/\/www.musikaia.eus\/wp-content\/uploads\/2024\/12\/DSCF5715-2048x1154.jpg 2048w, https:\/\/www.musikaia.eus\/wp-content\/uploads\/2024\/12\/DSCF5715-600x338.jpg 600w\" sizes=\"(max-width: 800px) 100vw, 800px\" \/>\t\t\t\t\t\t\t\t\t\t\t\t\t\t\t<\/div>\n\t\t\t\t<\/div>\n\t\t\t\t<div class=\"elementor-element elementor-element-025c2d9 elementor-widget elementor-widget-heading\" data-id=\"025c2d9\" data-element_type=\"widget\" data-e-type=\"widget\" data-widget_type=\"heading.default\">\n\t\t\t\t<div class=\"elementor-widget-container\">\n\t\t\t\t\t<h2 class=\"elementor-heading-title elementor-size-default\">CONCIERTO DE COMBOS<\/h2>\t\t\t\t<\/div>\n\t\t\t\t<\/div>\n\t\t\t\t<div class=\"elementor-element elementor-element-7d670e6 elementor-widget elementor-widget-text-editor\" data-id=\"7d670e6\" data-element_type=\"widget\" data-e-type=\"widget\" data-widget_type=\"text-editor.default\">\n\t\t\t\t<div class=\"elementor-widget-container\">\n\t\t\t\t\t\t\t\t\t<h5>Concierto que se ofrece a mitad de curso en el que participan las agrupaciones de instrumentos musicales de la Musika Eskola.<\/h5>\t\t\t\t\t\t\t\t<\/div>\n\t\t\t\t<\/div>\n\t\t\t\t\t<\/div>\n\t\t<\/div>\n\t\t\t\t<div class=\"elementor-column elementor-col-50 elementor-top-column elementor-element elementor-element-0789b0f\" data-id=\"0789b0f\" data-element_type=\"column\" data-e-type=\"column\">\n\t\t\t<div class=\"elementor-widget-wrap elementor-element-populated\">\n\t\t\t\t\t\t<div class=\"elementor-element elementor-element-fc4038d elementor-widget elementor-widget-image\" data-id=\"fc4038d\" data-element_type=\"widget\" data-e-type=\"widget\" data-widget_type=\"image.default\">\n\t\t\t\t<div class=\"elementor-widget-container\">\n\t\t\t\t\t\t\t\t\t\t\t\t\t\t\t<img loading=\"lazy\" decoding=\"async\" width=\"800\" height=\"450\" src=\"https:\/\/www.musikaia.eus\/wp-content\/uploads\/2024\/12\/photo_2024-12-24_00-09-22-1024x576.jpg\" class=\"attachment-large size-large wp-image-13038\" alt=\"\" srcset=\"https:\/\/www.musikaia.eus\/wp-content\/uploads\/2024\/12\/photo_2024-12-24_00-09-22-1024x576.jpg 1024w, https:\/\/www.musikaia.eus\/wp-content\/uploads\/2024\/12\/photo_2024-12-24_00-09-22-300x169.jpg 300w, https:\/\/www.musikaia.eus\/wp-content\/uploads\/2024\/12\/photo_2024-12-24_00-09-22-768x432.jpg 768w, https:\/\/www.musikaia.eus\/wp-content\/uploads\/2024\/12\/photo_2024-12-24_00-09-22-600x338.jpg 600w, https:\/\/www.musikaia.eus\/wp-content\/uploads\/2024\/12\/photo_2024-12-24_00-09-22.jpg 1280w\" sizes=\"(max-width: 800px) 100vw, 800px\" \/>\t\t\t\t\t\t\t\t\t\t\t\t\t\t\t<\/div>\n\t\t\t\t<\/div>\n\t\t\t\t<div class=\"elementor-element elementor-element-898418f elementor-widget elementor-widget-heading\" data-id=\"898418f\" data-element_type=\"widget\" data-e-type=\"widget\" data-widget_type=\"heading.default\">\n\t\t\t\t<div class=\"elementor-widget-container\">\n\t\t\t\t\t<h2 class=\"elementor-heading-title elementor-size-default\">KALEJIRAS<\/h2>\t\t\t\t<\/div>\n\t\t\t\t<\/div>\n\t\t\t\t<div class=\"elementor-element elementor-element-d6a2698 elementor-widget elementor-widget-text-editor\" data-id=\"d6a2698\" data-element_type=\"widget\" data-e-type=\"widget\" data-widget_type=\"text-editor.default\">\n\t\t\t\t<div class=\"elementor-widget-container\">\n\t\t\t\t\t\t\t\t\t<h5>El grupo de Trikitixas y Panderos de Musikaia ofrecen kalejiras en la feria de Santo Tomas celebrada cada a\u00f1o el 21 de diciembre, y en la kalejira de Olentzero y MariDomingi celebrada cada a\u00f1o el 23 de diciembre<\/h5>\t\t\t\t\t\t\t\t<\/div>\n\t\t\t\t<\/div>\n\t\t\t\t\t<\/div>\n\t\t<\/div>\n\t\t\t\t\t<\/div>\n\t\t<\/section>\n\t\t\t\t<\/div>\n\t\t","protected":false},"excerpt":{"rendered":"<p>CONCIERTO DE NAVIDAD Se celebra el \u00faltimo viernes antes de las vacaciones de Navidad en la Bas\u00edlica de Nuestra Se\u00f1ora. MUSIKAIA EGUNA Celebraci\u00f3n con motivo del aniversario de la escuela. Nuestrxs alumnxs junto con distintas agrupaciones musicales de Lekeitio salen a tocar por las calles de Lekeitio y terminan en la plaza donde dan un [&hellip;]<\/p>\n","protected":false},"author":3,"featured_media":0,"parent":0,"menu_order":0,"comment_status":"closed","ping_status":"closed","template":"","meta":{"_acf_changed":false,"footnotes":""},"class_list":["post-519","page","type-page","status-publish","hentry"],"acf":[],"_links":{"self":[{"href":"https:\/\/www.musikaia.eus\/es\/wp-json\/wp\/v2\/pages\/519","targetHints":{"allow":["GET"]}}],"collection":[{"href":"https:\/\/www.musikaia.eus\/es\/wp-json\/wp\/v2\/pages"}],"about":[{"href":"https:\/\/www.musikaia.eus\/es\/wp-json\/wp\/v2\/types\/page"}],"author":[{"embeddable":true,"href":"https:\/\/www.musikaia.eus\/es\/wp-json\/wp\/v2\/users\/3"}],"replies":[{"embeddable":true,"href":"https:\/\/www.musikaia.eus\/es\/wp-json\/wp\/v2\/comments?post=519"}],"version-history":[{"count":3,"href":"https:\/\/www.musikaia.eus\/es\/wp-json\/wp\/v2\/pages\/519\/revisions"}],"predecessor-version":[{"id":14159,"href":"https:\/\/www.musikaia.eus\/es\/wp-json\/wp\/v2\/pages\/519\/revisions\/14159"}],"wp:attachment":[{"href":"https:\/\/www.musikaia.eus\/es\/wp-json\/wp\/v2\/media?parent=519"}],"curies":[{"name":"wp","href":"https:\/\/api.w.org\/{rel}","templated":true}]}}