{"id":305,"date":"2020-05-20T07:37:00","date_gmt":"2020-05-20T07:37:00","guid":{"rendered":"https:\/\/www.musikaia.eus\/?page_id=305"},"modified":"2024-11-26T09:47:40","modified_gmt":"2024-11-26T09:47:40","slug":"escuela","status":"publish","type":"page","link":"https:\/\/www.musikaia.eus\/es\/escuela\/","title":{"rendered":"ESCUELA"},"content":{"rendered":"\t\t<div data-elementor-type=\"wp-page\" data-elementor-id=\"305\" class=\"elementor elementor-305\" data-elementor-post-type=\"page\">\n\t\t\t\t\t\t<section class=\"elementor-section elementor-top-section elementor-element elementor-element-52b3b3f elementor-section-stretched elementor-section-boxed elementor-section-height-default elementor-section-height-default\" data-id=\"52b3b3f\" data-element_type=\"section\" data-e-type=\"section\" data-settings=\"{&quot;stretch_section&quot;:&quot;section-stretched&quot;}\">\n\t\t\t\t\t\t<div class=\"elementor-container elementor-column-gap-default\">\n\t\t\t\t\t<div class=\"elementor-column elementor-col-100 elementor-top-column elementor-element elementor-element-6d1d3b6\" data-id=\"6d1d3b6\" data-element_type=\"column\" data-e-type=\"column\">\n\t\t\t<div class=\"elementor-widget-wrap elementor-element-populated\">\n\t\t\t\t\t\t<div class=\"elementor-element elementor-element-2cedaa2 elementor-widget elementor-widget-image\" data-id=\"2cedaa2\" data-element_type=\"widget\" data-e-type=\"widget\" data-widget_type=\"image.default\">\n\t\t\t\t<div class=\"elementor-widget-container\">\n\t\t\t\t\t\t\t\t\t\t\t\t\t\t\t<img fetchpriority=\"high\" decoding=\"async\" width=\"1024\" height=\"430\" src=\"https:\/\/www.musikaia.eus\/wp-content\/uploads\/2022\/06\/IMG_20220610_115936_742.jpg\" class=\"attachment-full size-full wp-image-7483\" alt=\"\" srcset=\"https:\/\/www.musikaia.eus\/wp-content\/uploads\/2022\/06\/IMG_20220610_115936_742.jpg 1024w, https:\/\/www.musikaia.eus\/wp-content\/uploads\/2022\/06\/IMG_20220610_115936_742-300x126.jpg 300w, https:\/\/www.musikaia.eus\/wp-content\/uploads\/2022\/06\/IMG_20220610_115936_742-600x252.jpg 600w, https:\/\/www.musikaia.eus\/wp-content\/uploads\/2022\/06\/IMG_20220610_115936_742-768x323.jpg 768w\" sizes=\"(max-width: 1024px) 100vw, 1024px\" \/>\t\t\t\t\t\t\t\t\t\t\t\t\t\t\t<\/div>\n\t\t\t\t<\/div>\n\t\t\t\t\t<\/div>\n\t\t<\/div>\n\t\t\t\t\t<\/div>\n\t\t<\/section>\n\t\t\t\t<section class=\"elementor-section elementor-top-section elementor-element elementor-element-5923aefc elementor-section-full_width elementor-section-stretched elementor-section-height-default elementor-section-height-default\" data-id=\"5923aefc\" data-element_type=\"section\" data-e-type=\"section\" data-settings=\"{&quot;stretch_section&quot;:&quot;section-stretched&quot;}\">\n\t\t\t\t\t\t<div class=\"elementor-container elementor-column-gap-default\">\n\t\t\t\t\t<div class=\"elementor-column elementor-col-33 elementor-top-column elementor-element elementor-element-b14e639\" data-id=\"b14e639\" data-element_type=\"column\" data-e-type=\"column\">\n\t\t\t<div class=\"elementor-widget-wrap elementor-element-populated\">\n\t\t\t\t\t\t\t<\/div>\n\t\t<\/div>\n\t\t\t\t<div class=\"elementor-column elementor-col-33 elementor-top-column elementor-element elementor-element-6903d4b6\" data-id=\"6903d4b6\" data-element_type=\"column\" data-e-type=\"column\">\n\t\t\t<div class=\"elementor-widget-wrap elementor-element-populated\">\n\t\t\t\t\t\t<div data-dce-text-color=\"#010000\" class=\"elementor-element elementor-element-d923a13 elementor-widget elementor-widget-text-editor\" data-id=\"d923a13\" data-element_type=\"widget\" data-e-type=\"widget\" data-widget_type=\"text-editor.default\">\n\t\t\t\t<div class=\"elementor-widget-container\">\n\t\t\t\t\t\t\t\t\t<h3>La Escuela de M\u00fasica\u00a0Musikaia\u00a0 fue creada en el mes de abril de 2014. La escuela se acoge a la disposici\u00f3n del Bolet\u00edn Oficial del Pa\u00eds Vasco del a\u00f1o 2024 por el que se regula la puesta en marcha de centros musicales de ense\u00f1anza elemental con car\u00e1cter de Centros No Oficiales Reconocidos.<\/h3>\t\t\t\t\t\t\t\t<\/div>\n\t\t\t\t<\/div>\n\t\t\t\t\t<\/div>\n\t\t<\/div>\n\t\t\t\t<div class=\"elementor-column elementor-col-33 elementor-top-column elementor-element elementor-element-d64a994\" data-id=\"d64a994\" data-element_type=\"column\" data-e-type=\"column\">\n\t\t\t<div class=\"elementor-widget-wrap elementor-element-populated\">\n\t\t\t\t\t\t\t<\/div>\n\t\t<\/div>\n\t\t\t\t\t<\/div>\n\t\t<\/section>\n\t\t\t\t<section class=\"elementor-section elementor-top-section elementor-element elementor-element-42f1b82 elementor-section-stretched elementor-section-boxed elementor-section-height-default elementor-section-height-default\" data-id=\"42f1b82\" data-element_type=\"section\" data-e-type=\"section\" data-settings=\"{&quot;stretch_section&quot;:&quot;section-stretched&quot;}\">\n\t\t\t\t\t\t<div class=\"elementor-container elementor-column-gap-default\">\n\t\t\t\t\t<div class=\"elementor-column elementor-col-33 elementor-top-column elementor-element elementor-element-f956b30\" data-id=\"f956b30\" data-element_type=\"column\" data-e-type=\"column\">\n\t\t\t<div class=\"elementor-widget-wrap elementor-element-populated\">\n\t\t\t\t\t\t<div class=\"elementor-element elementor-element-8dfba3d elementor-view-default elementor-position-block-start elementor-mobile-position-block-start elementor-widget elementor-widget-icon-box\" data-id=\"8dfba3d\" data-element_type=\"widget\" data-e-type=\"widget\" data-widget_type=\"icon-box.default\">\n\t\t\t\t<div class=\"elementor-widget-container\">\n\t\t\t\t\t\t\t<div class=\"elementor-icon-box-wrapper\">\n\n\t\t\t\t\t\t<div class=\"elementor-icon-box-icon\">\n\t\t\t\t<span  class=\"elementor-icon\">\n\t\t\t\t<i aria-hidden=\"true\" class=\"fas fa-th-large\"><\/i>\t\t\t\t<\/span>\n\t\t\t<\/div>\n\t\t\t\n\t\t\t\t\t\t<div class=\"elementor-icon-box-content\">\n\n\t\t\t\t\n\t\t\t\t\t\t\t\t\t<p class=\"elementor-icon-box-description\">\n\t\t\t\t\t\t<p style=\"text-align:left\">\nAnteriormente, la <b>Asociaci\u00f3n \"Lekitto Musika Banda\" de Lekeitio<\/b> inici\u00f3 la idea de crear una escuela de m\u00fasica que carec\u00eda en la villa. Despu\u00e9s de cuatro a\u00f1os de andadura y teniendo cada vez m\u00e1s alumnos gracias al buen trabajo y buena respuesta del pueblo, el ayuntamiento recomienda crear una ente independiente con denominaci\u00f3n de Escuela de M\u00fasica. Por tanto, <b>en abril de 2014<\/b> se crea la <b>asociaci\u00f3n sin \u00e1nimo de lucro llamada Musikaia Musika Elkartea<\/b> y empieza a funcionar como una escuela de m\u00fasica basada en los requisitos marcados por el decreto 289\/1992.\n<\/p><p style=\"text-align:left\">\nDesde la direcci\u00f3n de la escuela reci\u00e9n estrenada, empiezan a realizarse oficialmente todas las gestiones necesarias para la creaci\u00f3n de la escuela. Al inicio, las clases se impart\u00edan por las tardes en la escuela p\u00fablica de Lekeitio y en el edificio p\u00fablico Nautica situado en el centro del pueblo, compartiendo aulas con distintas entes y asociaciones culturales de Lekeitio.<\/p>\t\t\t\t\t<\/p>\n\t\t\t\t\n\t\t\t<\/div>\n\t\t\t\n\t\t<\/div>\n\t\t\t\t\t\t<\/div>\n\t\t\t\t<\/div>\n\t\t\t\t\t<\/div>\n\t\t<\/div>\n\t\t\t\t<div class=\"elementor-column elementor-col-33 elementor-top-column elementor-element elementor-element-80140c3\" data-id=\"80140c3\" data-element_type=\"column\" data-e-type=\"column\">\n\t\t\t<div class=\"elementor-widget-wrap elementor-element-populated\">\n\t\t\t\t\t\t<div class=\"elementor-element elementor-element-81b94e5 elementor-view-default elementor-position-block-start elementor-mobile-position-block-start elementor-widget elementor-widget-icon-box\" data-id=\"81b94e5\" data-element_type=\"widget\" data-e-type=\"widget\" data-widget_type=\"icon-box.default\">\n\t\t\t\t<div class=\"elementor-widget-container\">\n\t\t\t\t\t\t\t<div class=\"elementor-icon-box-wrapper\">\n\n\t\t\t\t\t\t<div class=\"elementor-icon-box-icon\">\n\t\t\t\t<span  class=\"elementor-icon\">\n\t\t\t\t<i aria-hidden=\"true\" class=\"fas fa-th-large\"><\/i>\t\t\t\t<\/span>\n\t\t\t<\/div>\n\t\t\t\n\t\t\t\t\t\t<div class=\"elementor-icon-box-content\">\n\n\t\t\t\t\n\t\t\t\t\t\t\t\t\t<p class=\"elementor-icon-box-description\">\n\t\t\t\t\t\t<p style=\"text-align:left\">Despu\u00e9s de varios a\u00f1os de trabajo y gestiones con el ayuntamiento, en <b>primavera de 2017<\/b> se aprueba que la <b>Escuela de M\u00fasica Musikaia<\/b> se situar\u00e1 en la calle \u00abEliz Atea, 10\u00bb compatibilizando el uso del edificio p\u00fablico situado en dicha direcci\u00f3n con el servicio de ocio que ofrece el Gaztegune.<\/p>\n<p style=\"text-align:left\">\nEl <b>verano de 2018<\/b> comienzan las obras previstas para adaptar el edificio a las pautas marcadas por el decreto y finalmente la escuela inicia su curso 2018-2019 en el edificio nuevo. La escuela termin\u00f3 el proceso de registron en el Gobierno Vasco en el curso 2022-2023.\n<\/p><p style=\"text-align:left\">\nEn la actualidad, la Escuela de M\u00fasica est\u00e1 formada por 411 alumnos y 12 profesores especializados en distintos instrumentos y conocimientos musicales.\n<\/p>\n\t\t\t\t\t<\/p>\n\t\t\t\t\n\t\t\t<\/div>\n\t\t\t\n\t\t<\/div>\n\t\t\t\t\t\t<\/div>\n\t\t\t\t<\/div>\n\t\t\t\t\t<\/div>\n\t\t<\/div>\n\t\t\t\t<div class=\"elementor-column elementor-col-33 elementor-top-column elementor-element elementor-element-4cc649a\" data-id=\"4cc649a\" data-element_type=\"column\" data-e-type=\"column\">\n\t\t\t<div class=\"elementor-widget-wrap elementor-element-populated\">\n\t\t\t\t\t\t<div class=\"elementor-element elementor-element-c33b86f elementor-view-default elementor-position-block-start elementor-mobile-position-block-start elementor-widget elementor-widget-icon-box\" data-id=\"c33b86f\" data-element_type=\"widget\" data-e-type=\"widget\" data-widget_type=\"icon-box.default\">\n\t\t\t\t<div class=\"elementor-widget-container\">\n\t\t\t\t\t\t\t<div class=\"elementor-icon-box-wrapper\">\n\n\t\t\t\t\t\t<div class=\"elementor-icon-box-icon\">\n\t\t\t\t<span  class=\"elementor-icon\">\n\t\t\t\t<i aria-hidden=\"true\" class=\"fas fa-th-large\"><\/i>\t\t\t\t<\/span>\n\t\t\t<\/div>\n\t\t\t\n\t\t\t\t\t\t<div class=\"elementor-icon-box-content\">\n\n\t\t\t\t\n\t\t\t\t\t\t\t\t\t<p class=\"elementor-icon-box-description\">\n\t\t\t\t\t\t<p style=\"text-align:left\"><b>La finalidad es ofrecer una formaci\u00f3n pr\u00e1ctica de M\u00fasica con ra\u00edz tradicional<\/b>, adaptada y enfocada a estilos modernos, dirigida a aficionados de cualquier edad, sin perjuicio de su funci\u00f3n de orientaci\u00f3n y preparaci\u00f3n para los estudios profesionales de quienes demuestren una especial vocaci\u00f3n y aptitud.\n<\/p><p style=\"text-align:left\">\nIndependientemente de la creaci\u00f3n y desarrollo del centro en su aspecto t\u00e9cnico y de ense\u00f1anza de la m\u00fasica <b>es nuestro objetivo desde su creaci\u00f3n, ser la base y el vivero de todos aquellos entes y colectivos que se mueven y desarrollan una actividad musical en sus diferentes versiones en Lekeitio.<\/b><\/p>\n\t\t\t\t\t<\/p>\n\t\t\t\t\n\t\t\t<\/div>\n\t\t\t\n\t\t<\/div>\n\t\t\t\t\t\t<\/div>\n\t\t\t\t<\/div>\n\t\t\t\t\t<\/div>\n\t\t<\/div>\n\t\t\t\t\t<\/div>\n\t\t<\/section>\n\t\t\t\t<\/div>\n\t\t","protected":false},"excerpt":{"rendered":"<p>La Escuela de M\u00fasica\u00a0Musikaia\u00a0 fue creada en el mes de abril de 2014. La escuela se acoge a la disposici\u00f3n del Bolet\u00edn Oficial del Pa\u00eds Vasco del a\u00f1o 2024 por el que se regula la puesta en marcha de centros musicales de ense\u00f1anza elemental con car\u00e1cter de Centros No Oficiales Reconocidos. Anteriormente, la Asociaci\u00f3n \u00abLekitto [&hellip;]<\/p>\n","protected":false},"author":3,"featured_media":0,"parent":0,"menu_order":0,"comment_status":"closed","ping_status":"closed","template":"","meta":{"_acf_changed":false,"footnotes":""},"class_list":["post-305","page","type-page","status-publish","hentry"],"acf":[],"_links":{"self":[{"href":"https:\/\/www.musikaia.eus\/es\/wp-json\/wp\/v2\/pages\/305","targetHints":{"allow":["GET"]}}],"collection":[{"href":"https:\/\/www.musikaia.eus\/es\/wp-json\/wp\/v2\/pages"}],"about":[{"href":"https:\/\/www.musikaia.eus\/es\/wp-json\/wp\/v2\/types\/page"}],"author":[{"embeddable":true,"href":"https:\/\/www.musikaia.eus\/es\/wp-json\/wp\/v2\/users\/3"}],"replies":[{"embeddable":true,"href":"https:\/\/www.musikaia.eus\/es\/wp-json\/wp\/v2\/comments?post=305"}],"version-history":[{"count":0,"href":"https:\/\/www.musikaia.eus\/es\/wp-json\/wp\/v2\/pages\/305\/revisions"}],"wp:attachment":[{"href":"https:\/\/www.musikaia.eus\/es\/wp-json\/wp\/v2\/media?parent=305"}],"curies":[{"name":"wp","href":"https:\/\/api.w.org\/{rel}","templated":true}]}}